{"id":12,"date":"2018-01-15T12:41:49","date_gmt":"2018-01-15T12:41:49","guid":{"rendered":"http:\/\/kovastvo-lamper.si\/?page_id=12"},"modified":"2022-12-12T21:50:50","modified_gmt":"2022-12-12T21:50:50","slug":"vstopna-stran","status":"publish","type":"page","link":"https:\/\/kovastvo-lamper.si\/","title":{"rendered":"Vstopna stran"},"content":{"rendered":"<div id='intro-intro'  class='avia-section av-c57ik-d8ee82fbc54dc32b137a9087e6840645 main_color avia-section-default avia-no-shadow  avia-builder-el-0  el_before_av_section  avia-builder-el-first  avia-bg-style-scroll container_wrap sidebar_right'  ><div class='container av-section-cont-open' ><main  role=\"main\" itemprop=\"mainContentOfPage\"  class='template-page content  av-content-small alpha units'><div class='post-entry post-entry-type-page post-entry-12'><div class='entry-content-wrapper clearfix'>\n\n<style type=\"text\/css\" data-created_by=\"avia_inline_auto\" id=\"style-css-av-bwlk8-f724bb0d981453d9e676c36cfa1b1cad\">\n.flex_column.av-bwlk8-f724bb0d981453d9e676c36cfa1b1cad{\nborder-radius:0px 0px 0px 0px;\n-webkit-border-radius:0px 0px 0px 0px;\n-moz-border-radius:0px 0px 0px 0px;\n}\n<\/style>\n<div class='flex_column av-bwlk8-f724bb0d981453d9e676c36cfa1b1cad av_one_fourth  avia-builder-el-1  el_before_av_three_fourth  avia-builder-el-first  intro-text first flex_column_div av-zero-column-padding '   ><section  class='av_textblock_section av-b4uvg-925226b571486d79099d84ae2ca3cbf2'  itemscope=\"itemscope\" itemtype=\"https:\/\/schema.org\/CreativeWork\" ><div class='avia_textblock'  itemprop=\"text\" ><h2>Pri nas<br \/>\nse kuje<br \/>\nod leta<br \/>\n1924.<\/h2>\n<p><a title=\"Kontakt\" href=\"https:\/\/kovastvo-lamper.si\/?page_id=16\">Kontaktirajte nas<\/a><\/p>\n<\/div><\/section><\/div>\n<style type=\"text\/css\" data-created_by=\"avia_inline_auto\" id=\"style-css-av-add24-261419e4327131d867673b117146a4ea\">\n.flex_column.av-add24-261419e4327131d867673b117146a4ea{\nborder-radius:0px 0px 0px 0px;\n-webkit-border-radius:0px 0px 0px 0px;\n-moz-border-radius:0px 0px 0px 0px;\n}\n<\/style>\n<div class='flex_column av-add24-261419e4327131d867673b117146a4ea av_three_fourth  avia-builder-el-3  el_after_av_one_fourth  avia-builder-el-last  intro-image flex_column_div av-zero-column-padding '   ><style type=\"text\/css\" data-created_by=\"avia_inline_auto\" id=\"style-css-av-9qw6o-797badab78ce183454da2423add68fb2\">\n.avia-image-container.av-9qw6o-797badab78ce183454da2423add68fb2 .av-image-caption-overlay-center{\ncolor:#ffffff;\n}\n<\/style>\n<div  class='avia-image-container av-9qw6o-797badab78ce183454da2423add68fb2 av-styling-no-styling avia_animated_image avia_animate_when_almost_visible right-to-left avia-align-  avia-builder-el-4  avia-builder-el-no-sibling '  itemprop=\"image\" itemscope=\"itemscope\" itemtype=\"https:\/\/schema.org\/ImageObject\" ><div class=\"avia-image-container-inner\"><div class=\"avia-image-overlay-wrap\"><img decoding=\"async\" class='wp-image-26 avia-img-lazy-loading-not-26 avia_image' src=\"https:\/\/kovastvo-lamper.si\/wp-content\/uploads\/2018\/01\/10515db11f1267a924bf05eba10f8e41ffdf511c-e1516098492724-1030x602.png\" alt='' title='10515db11f1267a924bf05eba10f8e41ffdf511c'  height=\"602\" width=\"1030\"  itemprop=\"thumbnailUrl\" srcset=\"https:\/\/kovastvo-lamper.si\/wp-content\/uploads\/2018\/01\/10515db11f1267a924bf05eba10f8e41ffdf511c-e1516098492724-1030x602.png 1030w, https:\/\/kovastvo-lamper.si\/wp-content\/uploads\/2018\/01\/10515db11f1267a924bf05eba10f8e41ffdf511c-e1516098492724-300x175.png 300w, https:\/\/kovastvo-lamper.si\/wp-content\/uploads\/2018\/01\/10515db11f1267a924bf05eba10f8e41ffdf511c-e1516098492724-768x449.png 768w, https:\/\/kovastvo-lamper.si\/wp-content\/uploads\/2018\/01\/10515db11f1267a924bf05eba10f8e41ffdf511c-e1516098492724-1500x877.png 1500w, https:\/\/kovastvo-lamper.si\/wp-content\/uploads\/2018\/01\/10515db11f1267a924bf05eba10f8e41ffdf511c-e1516098492724-705x412.png 705w, https:\/\/kovastvo-lamper.si\/wp-content\/uploads\/2018\/01\/10515db11f1267a924bf05eba10f8e41ffdf511c-e1516098492724-450x263.png 450w, https:\/\/kovastvo-lamper.si\/wp-content\/uploads\/2018\/01\/10515db11f1267a924bf05eba10f8e41ffdf511c-e1516098492724.png 1920w\" sizes=\"(max-width: 1030px) 100vw, 1030px\" \/><\/div><\/div><\/div><\/div><\/div><\/div><\/main><!-- close content main element --><\/div><\/div>\n<style type=\"text\/css\" data-created_by=\"avia_inline_auto\" id=\"style-css-av-9ic08-1a93002bcaad1b58ad3c818b7a623d7e\">\n.avia-section.av-9ic08-1a93002bcaad1b58ad3c818b7a623d7e{\nbackground-color:#f2f2f2;\n}\n<\/style>\n<div id='intro-slide-2'  class='avia-section av-9ic08-1a93002bcaad1b58ad3c818b7a623d7e main_color avia-section-default avia-no-shadow  avia-builder-el-5  el_after_av_section  el_before_av_horizontal_gallery  avia-bg-style-scroll container_wrap sidebar_right'  ><div class='container av-section-cont-open' ><div class='template-page content  av-content-small alpha units'><div class='post-entry post-entry-type-page post-entry-12'><div class='entry-content-wrapper clearfix'>\n\n<style type=\"text\/css\" data-created_by=\"avia_inline_auto\" id=\"style-css-av-8o578-4a3a88076b6ee6daf3c83b73b5abe221\">\n#top .flex_column.av-8o578-4a3a88076b6ee6daf3c83b73b5abe221{\nmargin-top:0px;\nmargin-bottom:0px;\n}\n.flex_column.av-8o578-4a3a88076b6ee6daf3c83b73b5abe221{\nborder-radius:0px 0px 0px 0px;\n-webkit-border-radius:0px 0px 0px 0px;\n-moz-border-radius:0px 0px 0px 0px;\n}\n.responsive #top #wrap_all .flex_column.av-8o578-4a3a88076b6ee6daf3c83b73b5abe221{\nmargin-top:0px;\nmargin-bottom:0px;\n}\n<\/style>\n<div class='flex_column av-8o578-4a3a88076b6ee6daf3c83b73b5abe221 av_one_full  avia-builder-el-6  avia-builder-el-no-sibling  first flex_column_div av-zero-column-padding '   ><br \/>\n\n<style type=\"text\/css\" data-created_by=\"avia_inline_auto\" id=\"style-css-av-r83o-1a0ef5a8b9ac4baca38e7b4164c18026\">\n.avia-image-container.av-r83o-1a0ef5a8b9ac4baca38e7b4164c18026 .av-image-caption-overlay-center{\ncolor:#ffffff;\n}\n<\/style>\n<div  class='avia-image-container av-r83o-1a0ef5a8b9ac4baca38e7b4164c18026 av-styling-no-styling avia-align-center  avia-builder-el-8  el_after_av_codeblock  el_before_av_image  intro-storitve-img-1'  itemprop=\"image\" itemscope=\"itemscope\" itemtype=\"https:\/\/schema.org\/ImageObject\" ><div class=\"avia-image-container-inner\"><div class=\"avia-image-overlay-wrap\"><img decoding=\"async\" class='wp-image-40 avia-img-lazy-loading-not-40 avia_image' src=\"https:\/\/kovastvo-lamper.si\/wp-content\/uploads\/2018\/01\/3f67c79d7bd08d049d22d12a405aacd13ff9e7c4.jpg\" alt='' title='3f67c79d7bd08d049d22d12a405aacd13ff9e7c4'  height=\"983\" width=\"1000\"  itemprop=\"thumbnailUrl\" srcset=\"https:\/\/kovastvo-lamper.si\/wp-content\/uploads\/2018\/01\/3f67c79d7bd08d049d22d12a405aacd13ff9e7c4.jpg 1000w, https:\/\/kovastvo-lamper.si\/wp-content\/uploads\/2018\/01\/3f67c79d7bd08d049d22d12a405aacd13ff9e7c4-80x80.jpg 80w, https:\/\/kovastvo-lamper.si\/wp-content\/uploads\/2018\/01\/3f67c79d7bd08d049d22d12a405aacd13ff9e7c4-300x295.jpg 300w, https:\/\/kovastvo-lamper.si\/wp-content\/uploads\/2018\/01\/3f67c79d7bd08d049d22d12a405aacd13ff9e7c4-768x755.jpg 768w, https:\/\/kovastvo-lamper.si\/wp-content\/uploads\/2018\/01\/3f67c79d7bd08d049d22d12a405aacd13ff9e7c4-36x36.jpg 36w, https:\/\/kovastvo-lamper.si\/wp-content\/uploads\/2018\/01\/3f67c79d7bd08d049d22d12a405aacd13ff9e7c4-705x693.jpg 705w, https:\/\/kovastvo-lamper.si\/wp-content\/uploads\/2018\/01\/3f67c79d7bd08d049d22d12a405aacd13ff9e7c4-450x442.jpg 450w\" sizes=\"(max-width: 1000px) 100vw, 1000px\" \/><\/div><\/div><\/div><br \/>\n\n<style type=\"text\/css\" data-created_by=\"avia_inline_auto\" id=\"style-css-av-6vf9g-53f80aea47ded0484164cde0a82d59b8\">\n.avia-image-container.av-6vf9g-53f80aea47ded0484164cde0a82d59b8 .av-image-caption-overlay-center{\ncolor:#ffffff;\n}\n<\/style>\n<div  class='avia-image-container av-6vf9g-53f80aea47ded0484164cde0a82d59b8 av-styling-no-styling avia-align-center  avia-builder-el-9  el_after_av_image  el_before_av_textblock  intro-storitve-img-2'  itemprop=\"image\" itemscope=\"itemscope\" itemtype=\"https:\/\/schema.org\/ImageObject\" ><div class=\"avia-image-container-inner\"><div class=\"avia-image-overlay-wrap\"><img decoding=\"async\" class='wp-image-34 avia-img-lazy-loading-not-34 avia_image' src=\"https:\/\/kovastvo-lamper.si\/wp-content\/uploads\/2018\/01\/0de3b1dd4f1f768f0775d457430dc696dce6ceba-687x1030.png\" alt='' title='0de3b1dd4f1f768f0775d457430dc696dce6ceba'  height=\"1030\" width=\"687\"  itemprop=\"thumbnailUrl\" srcset=\"https:\/\/kovastvo-lamper.si\/wp-content\/uploads\/2018\/01\/0de3b1dd4f1f768f0775d457430dc696dce6ceba-687x1030.png 687w, https:\/\/kovastvo-lamper.si\/wp-content\/uploads\/2018\/01\/0de3b1dd4f1f768f0775d457430dc696dce6ceba-200x300.png 200w, https:\/\/kovastvo-lamper.si\/wp-content\/uploads\/2018\/01\/0de3b1dd4f1f768f0775d457430dc696dce6ceba-768x1152.png 768w, https:\/\/kovastvo-lamper.si\/wp-content\/uploads\/2018\/01\/0de3b1dd4f1f768f0775d457430dc696dce6ceba-1000x1500.png 1000w, https:\/\/kovastvo-lamper.si\/wp-content\/uploads\/2018\/01\/0de3b1dd4f1f768f0775d457430dc696dce6ceba-470x705.png 470w, https:\/\/kovastvo-lamper.si\/wp-content\/uploads\/2018\/01\/0de3b1dd4f1f768f0775d457430dc696dce6ceba-450x675.png 450w\" sizes=\"(max-width: 687px) 100vw, 687px\" \/><\/div><\/div><\/div><br \/>\n<section  class='av_textblock_section av-6bwsk-29edd8abe1baf4ed489df41075cef11b'  itemscope=\"itemscope\" itemtype=\"https:\/\/schema.org\/CreativeWork\" ><div class='avia_textblock'  itemprop=\"text\" ><h2>Storitve<\/h2>\n<h3>Vsak kos \u017eeleza<br \/>\nskrbno obdelamo<\/h3>\n<p>Ve\u010dina okrasnih elementov se izdela ro\u010dno v doma\u010di delavnici.<\/p>\n<p>Za segrevanje \u017eeleza se uporablja klasi\u010dno kova\u0161ko ognji\u0161\u010de za kovanje pa se poleg nakovala poslu\u017eujemo tudi kova\u0161kega kladiva(norca)<\/p>\n<p><a title=\"Storitve\" href=\"https:\/\/kovastvo-lamper.si\/?page_id=10\">Storitve<\/a><\/p>\n<\/div><\/section><\/p><\/div>\n<style type=\"text\/css\" data-created_by=\"avia_inline_auto\" id=\"style-css-av-5y878-c053259f7ff39ec9f95438e85fc2499b\">\n.av-horizontal-gallery.av-5y878-c053259f7ff39ec9f95438e85fc2499b .av-horizontal-gallery-inner{\npadding-bottom:20%;\n}\n<\/style>\n<div  class='av-horizontal-gallery av-5y878-c053259f7ff39ec9f95438e85fc2499b av-horizontal-gallery-no-gap av-horizontal-gallery--effect av-control-hidden  avia-builder-el-11  el_after_av_section  el_before_av_section  intro-gal av-horizontal-gallery-1 '  itemprop=\"image\" itemscope=\"itemscope\" itemtype=\"https:\/\/schema.org\/ImageObject\"   ><div class='avia-slideshow-arrows avia-slideshow-controls' ><a href='#prev' class='prev-slide av-horizontal-gallery-prev' aria-hidden='true' data-av_icon='\ue87c' data-av_iconfont='entypo-fontello'  tabindex='-1'>Previous<\/a><a href='#next' class='next-slide av-horizontal-gallery-next' aria-hidden='true' data-av_icon='\ue87d' data-av_iconfont='entypo-fontello'  tabindex='-1'>Next<\/a><\/div><div class='av-horizontal-gallery-inner' data-av-height='20'><div class=\"av-horizontal-gallery-slider\"><div class='av-horizontal-gallery-wrap noHover'><img loading=\"lazy\" decoding=\"async\" class='wp-image-43 avia-img-lazy-loading-43 av-horizontal-gallery-img' width=\"1030\" height=\"556\" src=\"https:\/\/kovastvo-lamper.si\/wp-content\/uploads\/2018\/01\/67267ce45a9674f7333d200efaff5d5ea85499dd-1030x556.jpg\" title='67267ce45a9674f7333d200efaff5d5ea85499dd' alt='' srcset=\"https:\/\/kovastvo-lamper.si\/wp-content\/uploads\/2018\/01\/67267ce45a9674f7333d200efaff5d5ea85499dd-1030x556.jpg 1030w, https:\/\/kovastvo-lamper.si\/wp-content\/uploads\/2018\/01\/67267ce45a9674f7333d200efaff5d5ea85499dd-300x162.jpg 300w, https:\/\/kovastvo-lamper.si\/wp-content\/uploads\/2018\/01\/67267ce45a9674f7333d200efaff5d5ea85499dd-768x415.jpg 768w, https:\/\/kovastvo-lamper.si\/wp-content\/uploads\/2018\/01\/67267ce45a9674f7333d200efaff5d5ea85499dd-705x381.jpg 705w, https:\/\/kovastvo-lamper.si\/wp-content\/uploads\/2018\/01\/67267ce45a9674f7333d200efaff5d5ea85499dd-450x243.jpg 450w, https:\/\/kovastvo-lamper.si\/wp-content\/uploads\/2018\/01\/67267ce45a9674f7333d200efaff5d5ea85499dd.jpg 1400w\" sizes=\"auto, (max-width: 1030px) 100vw, 1030px\" \/><a href=\"https:\/\/kovastvo-lamper.si\/wp-content\/uploads\/2018\/01\/67267ce45a9674f7333d200efaff5d5ea85499dd-1030x556.jpg\" data-srcset=\"https:\/\/kovastvo-lamper.si\/wp-content\/uploads\/2018\/01\/67267ce45a9674f7333d200efaff5d5ea85499dd-1030x556.jpg 1030w, https:\/\/kovastvo-lamper.si\/wp-content\/uploads\/2018\/01\/67267ce45a9674f7333d200efaff5d5ea85499dd-300x162.jpg 300w, https:\/\/kovastvo-lamper.si\/wp-content\/uploads\/2018\/01\/67267ce45a9674f7333d200efaff5d5ea85499dd-768x415.jpg 768w, https:\/\/kovastvo-lamper.si\/wp-content\/uploads\/2018\/01\/67267ce45a9674f7333d200efaff5d5ea85499dd-705x381.jpg 705w, https:\/\/kovastvo-lamper.si\/wp-content\/uploads\/2018\/01\/67267ce45a9674f7333d200efaff5d5ea85499dd-450x243.jpg 450w, https:\/\/kovastvo-lamper.si\/wp-content\/uploads\/2018\/01\/67267ce45a9674f7333d200efaff5d5ea85499dd.jpg 1400w\" data-sizes=\"(max-width: 1030px) 100vw, 1030px\" class='av-horizontal-gallery-link' aria-hidden='true' data-av_icon='\ue869' data-av_iconfont='entypo-fontello' title='67267ce45a9674f7333d200efaff5d5ea85499dd' alt=''><\/a><\/div><div class='av-horizontal-gallery-wrap noHover'><img loading=\"lazy\" decoding=\"async\" class='wp-image-42 avia-img-lazy-loading-42 av-horizontal-gallery-img' width=\"1030\" height=\"687\" src=\"https:\/\/kovastvo-lamper.si\/wp-content\/uploads\/2018\/01\/498b5d0d7a2d661979724dc66227bab97547105e-1030x687.jpg\" title='498b5d0d7a2d661979724dc66227bab97547105e' alt='' srcset=\"https:\/\/kovastvo-lamper.si\/wp-content\/uploads\/2018\/01\/498b5d0d7a2d661979724dc66227bab97547105e-1030x687.jpg 1030w, https:\/\/kovastvo-lamper.si\/wp-content\/uploads\/2018\/01\/498b5d0d7a2d661979724dc66227bab97547105e-300x200.jpg 300w, https:\/\/kovastvo-lamper.si\/wp-content\/uploads\/2018\/01\/498b5d0d7a2d661979724dc66227bab97547105e-768x512.jpg 768w, https:\/\/kovastvo-lamper.si\/wp-content\/uploads\/2018\/01\/498b5d0d7a2d661979724dc66227bab97547105e-705x470.jpg 705w, https:\/\/kovastvo-lamper.si\/wp-content\/uploads\/2018\/01\/498b5d0d7a2d661979724dc66227bab97547105e-450x300.jpg 450w, https:\/\/kovastvo-lamper.si\/wp-content\/uploads\/2018\/01\/498b5d0d7a2d661979724dc66227bab97547105e.jpg 1200w\" sizes=\"auto, (max-width: 1030px) 100vw, 1030px\" \/><a href=\"https:\/\/kovastvo-lamper.si\/wp-content\/uploads\/2018\/01\/498b5d0d7a2d661979724dc66227bab97547105e-1030x687.jpg\" data-srcset=\"https:\/\/kovastvo-lamper.si\/wp-content\/uploads\/2018\/01\/498b5d0d7a2d661979724dc66227bab97547105e-1030x687.jpg 1030w, https:\/\/kovastvo-lamper.si\/wp-content\/uploads\/2018\/01\/498b5d0d7a2d661979724dc66227bab97547105e-300x200.jpg 300w, https:\/\/kovastvo-lamper.si\/wp-content\/uploads\/2018\/01\/498b5d0d7a2d661979724dc66227bab97547105e-768x512.jpg 768w, https:\/\/kovastvo-lamper.si\/wp-content\/uploads\/2018\/01\/498b5d0d7a2d661979724dc66227bab97547105e-705x470.jpg 705w, https:\/\/kovastvo-lamper.si\/wp-content\/uploads\/2018\/01\/498b5d0d7a2d661979724dc66227bab97547105e-450x300.jpg 450w, https:\/\/kovastvo-lamper.si\/wp-content\/uploads\/2018\/01\/498b5d0d7a2d661979724dc66227bab97547105e.jpg 1200w\" data-sizes=\"(max-width: 1030px) 100vw, 1030px\" class='av-horizontal-gallery-link' aria-hidden='true' data-av_icon='\ue869' data-av_iconfont='entypo-fontello' title='498b5d0d7a2d661979724dc66227bab97547105e' alt=''><\/a><\/div><div class='av-horizontal-gallery-wrap noHover'><img loading=\"lazy\" decoding=\"async\" class='wp-image-44 avia-img-lazy-loading-44 av-horizontal-gallery-img' width=\"1030\" height=\"685\" src=\"https:\/\/kovastvo-lamper.si\/wp-content\/uploads\/2018\/01\/d3477839782743a55cd947fc2a82b7a052caaf53-1030x685.jpg\" title='d3477839782743a55cd947fc2a82b7a052caaf53' alt='' srcset=\"https:\/\/kovastvo-lamper.si\/wp-content\/uploads\/2018\/01\/d3477839782743a55cd947fc2a82b7a052caaf53-1030x685.jpg 1030w, https:\/\/kovastvo-lamper.si\/wp-content\/uploads\/2018\/01\/d3477839782743a55cd947fc2a82b7a052caaf53-300x199.jpg 300w, https:\/\/kovastvo-lamper.si\/wp-content\/uploads\/2018\/01\/d3477839782743a55cd947fc2a82b7a052caaf53-768x511.jpg 768w, https:\/\/kovastvo-lamper.si\/wp-content\/uploads\/2018\/01\/d3477839782743a55cd947fc2a82b7a052caaf53-705x469.jpg 705w, https:\/\/kovastvo-lamper.si\/wp-content\/uploads\/2018\/01\/d3477839782743a55cd947fc2a82b7a052caaf53-450x299.jpg 450w, https:\/\/kovastvo-lamper.si\/wp-content\/uploads\/2018\/01\/d3477839782743a55cd947fc2a82b7a052caaf53.jpg 1137w\" sizes=\"auto, (max-width: 1030px) 100vw, 1030px\" \/><a href=\"https:\/\/kovastvo-lamper.si\/wp-content\/uploads\/2018\/01\/d3477839782743a55cd947fc2a82b7a052caaf53-1030x685.jpg\" data-srcset=\"https:\/\/kovastvo-lamper.si\/wp-content\/uploads\/2018\/01\/d3477839782743a55cd947fc2a82b7a052caaf53-1030x685.jpg 1030w, https:\/\/kovastvo-lamper.si\/wp-content\/uploads\/2018\/01\/d3477839782743a55cd947fc2a82b7a052caaf53-300x199.jpg 300w, https:\/\/kovastvo-lamper.si\/wp-content\/uploads\/2018\/01\/d3477839782743a55cd947fc2a82b7a052caaf53-768x511.jpg 768w, https:\/\/kovastvo-lamper.si\/wp-content\/uploads\/2018\/01\/d3477839782743a55cd947fc2a82b7a052caaf53-705x469.jpg 705w, https:\/\/kovastvo-lamper.si\/wp-content\/uploads\/2018\/01\/d3477839782743a55cd947fc2a82b7a052caaf53-450x299.jpg 450w, https:\/\/kovastvo-lamper.si\/wp-content\/uploads\/2018\/01\/d3477839782743a55cd947fc2a82b7a052caaf53.jpg 1137w\" data-sizes=\"(max-width: 1030px) 100vw, 1030px\" class='av-horizontal-gallery-link' aria-hidden='true' data-av_icon='\ue869' data-av_iconfont='entypo-fontello' title='d3477839782743a55cd947fc2a82b7a052caaf53' alt=''><\/a><\/div><\/div><\/div><\/div><\/p>\n\n<style type=\"text\/css\" data-created_by=\"avia_inline_auto\" id=\"style-css-av-5bfoc-88fac48ee0dc4dfc02f33bcdd73dccc2\">\n.avia-section.av-5bfoc-88fac48ee0dc4dfc02f33bcdd73dccc2{\nbackground-color:#f2f2f2;\n}\n<\/style>\n<div id='intro-slide-4'  class='avia-section av-5bfoc-88fac48ee0dc4dfc02f33bcdd73dccc2 main_color avia-section-default avia-no-shadow  avia-builder-el-12  el_after_av_horizontal_gallery  el_before_av_section  avia-bg-style-scroll container_wrap sidebar_right'  ><div class='container av-section-cont-open' ><div class='template-page content  av-content-small alpha units'><div class='post-entry post-entry-type-page post-entry-12'><div class='entry-content-wrapper clearfix'>\n\n<style type=\"text\/css\" data-created_by=\"avia_inline_auto\" id=\"style-css-av-4m7f4-167a408cac48f7a38b7cb866f7df23c7\">\n#top .flex_column.av-4m7f4-167a408cac48f7a38b7cb866f7df23c7{\nmargin-top:0px;\nmargin-bottom:0px;\n}\n.flex_column.av-4m7f4-167a408cac48f7a38b7cb866f7df23c7{\nborder-radius:0px 0px 0px 0px;\n-webkit-border-radius:0px 0px 0px 0px;\n-moz-border-radius:0px 0px 0px 0px;\n}\n.responsive #top #wrap_all .flex_column.av-4m7f4-167a408cac48f7a38b7cb866f7df23c7{\nmargin-top:0px;\nmargin-bottom:0px;\n}\n<\/style>\n<div class='flex_column av-4m7f4-167a408cac48f7a38b7cb866f7df23c7 av_one_full  avia-builder-el-13  avia-builder-el-no-sibling  first flex_column_div av-zero-column-padding '   ><br \/>\n\n<style type=\"text\/css\" data-created_by=\"avia_inline_auto\" id=\"style-css-av-3bcro-101722534ba9b81ecca42a0ad2e984f6\">\n.avia-image-container.av-3bcro-101722534ba9b81ecca42a0ad2e984f6 .av-image-caption-overlay-center{\ncolor:#ffffff;\n}\n<\/style>\n<div  class='avia-image-container av-3bcro-101722534ba9b81ecca42a0ad2e984f6 av-styling-no-styling avia-align-center  avia-builder-el-15  el_after_av_codeblock  el_before_av_image  intro-storitve-img-1'  itemprop=\"image\" itemscope=\"itemscope\" itemtype=\"https:\/\/schema.org\/ImageObject\" ><div class=\"avia-image-container-inner\"><div class=\"avia-image-overlay-wrap\"><img decoding=\"async\" class='wp-image-57 avia-img-lazy-loading-not-57 avia_image' src=\"https:\/\/kovastvo-lamper.si\/wp-content\/uploads\/2018\/01\/5ba466be676a6e9a6e6e6bd6e549e5c7f87815ef.jpg\" alt='' title='5ba466be676a6e9a6e6e6bd6e549e5c7f87815ef'  height=\"667\" width=\"1000\"  itemprop=\"thumbnailUrl\" srcset=\"https:\/\/kovastvo-lamper.si\/wp-content\/uploads\/2018\/01\/5ba466be676a6e9a6e6e6bd6e549e5c7f87815ef.jpg 1000w, https:\/\/kovastvo-lamper.si\/wp-content\/uploads\/2018\/01\/5ba466be676a6e9a6e6e6bd6e549e5c7f87815ef-300x200.jpg 300w, https:\/\/kovastvo-lamper.si\/wp-content\/uploads\/2018\/01\/5ba466be676a6e9a6e6e6bd6e549e5c7f87815ef-768x512.jpg 768w, https:\/\/kovastvo-lamper.si\/wp-content\/uploads\/2018\/01\/5ba466be676a6e9a6e6e6bd6e549e5c7f87815ef-705x470.jpg 705w, https:\/\/kovastvo-lamper.si\/wp-content\/uploads\/2018\/01\/5ba466be676a6e9a6e6e6bd6e549e5c7f87815ef-450x300.jpg 450w\" sizes=\"(max-width: 1000px) 100vw, 1000px\" \/><\/div><\/div><\/div><br \/>\n\n<style type=\"text\/css\" data-created_by=\"avia_inline_auto\" id=\"style-css-av-2u1gs-580bc1e5ac107aff4c6e838dbbadf7cf\">\n.avia-image-container.av-2u1gs-580bc1e5ac107aff4c6e838dbbadf7cf .av-image-caption-overlay-center{\ncolor:#ffffff;\n}\n<\/style>\n<div  class='avia-image-container av-2u1gs-580bc1e5ac107aff4c6e838dbbadf7cf av-styling-no-styling avia-align-center  avia-builder-el-16  el_after_av_image  el_before_av_textblock  intro-storitve-img-2'  itemprop=\"image\" itemscope=\"itemscope\" itemtype=\"https:\/\/schema.org\/ImageObject\" ><div class=\"avia-image-container-inner\"><div class=\"avia-image-overlay-wrap\"><img decoding=\"async\" class='wp-image-58 avia-img-lazy-loading-not-58 avia_image' src=\"https:\/\/kovastvo-lamper.si\/wp-content\/uploads\/2018\/01\/647b14822d337389d7e4ad3a9a520cbba614d31f.jpg\" alt='' title='647b14822d337389d7e4ad3a9a520cbba614d31f'  height=\"667\" width=\"1000\"  itemprop=\"thumbnailUrl\" srcset=\"https:\/\/kovastvo-lamper.si\/wp-content\/uploads\/2018\/01\/647b14822d337389d7e4ad3a9a520cbba614d31f.jpg 1000w, https:\/\/kovastvo-lamper.si\/wp-content\/uploads\/2018\/01\/647b14822d337389d7e4ad3a9a520cbba614d31f-300x200.jpg 300w, https:\/\/kovastvo-lamper.si\/wp-content\/uploads\/2018\/01\/647b14822d337389d7e4ad3a9a520cbba614d31f-768x512.jpg 768w, https:\/\/kovastvo-lamper.si\/wp-content\/uploads\/2018\/01\/647b14822d337389d7e4ad3a9a520cbba614d31f-705x470.jpg 705w, https:\/\/kovastvo-lamper.si\/wp-content\/uploads\/2018\/01\/647b14822d337389d7e4ad3a9a520cbba614d31f-450x300.jpg 450w\" sizes=\"(max-width: 1000px) 100vw, 1000px\" \/><\/div><\/div><\/div><br \/>\n<section  class='av_textblock_section av-1y25k-7d19b652644f365cb1e6f69d094628a9'  itemscope=\"itemscope\" itemtype=\"https:\/\/schema.org\/CreativeWork\" ><div class='avia_textblock'  itemprop=\"text\" ><h2>O nas<\/h2>\n<h3>Znanje v nas<br \/>\n\u017eari \u017ee ve\u010d kot 90 let<\/h3>\n<p>S kova\u0161tvom se je v na\u0161i dru\u017eini za\u010del ukvrjati \u017ee moj stari ata ko se je leta 1924 \u0161el izu\u010diti kova\u0161kega poklica. Izu\u010dil se je za podkovskega kova\u010da, mojsterske nazive pa je pridobil leta 1933.<\/p>\n<p><a title=\"O nas\" href=\"https:\/\/kovastvo-lamper.si\/?page_id=14\">O nas<\/a><\/p>\n<\/div><\/section><\/p><\/div>\n\n<\/div><\/div><\/div><!-- close content main div --><\/div><\/div>\n<style type=\"text\/css\" data-created_by=\"avia_inline_auto\" id=\"style-css-av-1n1bg-8dfc0298ab765fc5fa2cc2da2e07c0cf\">\n.avia-section.av-1n1bg-8dfc0298ab765fc5fa2cc2da2e07c0cf{\nbackground-color:#f2f2f2;\n}\n<\/style>\n<div id='intro-slide-5'  class='avia-section av-1n1bg-8dfc0298ab765fc5fa2cc2da2e07c0cf main_color avia-section-default avia-no-border-styling  avia-builder-el-18  el_after_av_section  avia-builder-el-last  avia-bg-style-scroll container_wrap sidebar_right'  ><div class='container av-section-cont-open' ><div class='template-page content  av-content-small alpha units'><div class='post-entry post-entry-type-page post-entry-12'><div class='entry-content-wrapper clearfix'>\n<section  class='av_textblock_section av-10560-a289fe7c5744d8992217a22e74361549'  itemscope=\"itemscope\" itemtype=\"https:\/\/schema.org\/CreativeWork\" ><div class='avia_textblock intro-potrebujete'  itemprop=\"text\" ><h3>Potrebujete zunanjo ali notranjo ograjo po meri?<\/h3>\n<p><a title=\"Kontakt\" href=\"https:\/\/kovastvo-lamper.si\/?page_id=16\">Kontaktirajte nas<\/a><\/p>\n<\/div><\/section>\n<\/div><\/div><\/div><!-- close content main div --><\/div><\/div><div id='after_section_4'  class='main_color av_default_container_wrap container_wrap sidebar_right'  ><div class='container av-section-cont-open' ><div class='template-page content  av-content-small alpha units'><div class='post-entry post-entry-type-page post-entry-12'><div class='entry-content-wrapper clearfix'>\n","protected":false},"excerpt":{"rendered":"","protected":false},"author":2,"featured_media":0,"parent":0,"menu_order":0,"comment_status":"closed","ping_status":"closed","template":"","meta":{"footnotes":""},"class_list":["post-12","page","type-page","status-publish","hentry"],"aioseo_notices":[],"_links":{"self":[{"href":"https:\/\/kovastvo-lamper.si\/index.php?rest_route=\/wp\/v2\/pages\/12","targetHints":{"allow":["GET"]}}],"collection":[{"href":"https:\/\/kovastvo-lamper.si\/index.php?rest_route=\/wp\/v2\/pages"}],"about":[{"href":"https:\/\/kovastvo-lamper.si\/index.php?rest_route=\/wp\/v2\/types\/page"}],"author":[{"embeddable":true,"href":"https:\/\/kovastvo-lamper.si\/index.php?rest_route=\/wp\/v2\/users\/2"}],"replies":[{"embeddable":true,"href":"https:\/\/kovastvo-lamper.si\/index.php?rest_route=%2Fwp%2Fv2%2Fcomments&post=12"}],"version-history":[{"count":48,"href":"https:\/\/kovastvo-lamper.si\/index.php?rest_route=\/wp\/v2\/pages\/12\/revisions"}],"predecessor-version":[{"id":450,"href":"https:\/\/kovastvo-lamper.si\/index.php?rest_route=\/wp\/v2\/pages\/12\/revisions\/450"}],"wp:attachment":[{"href":"https:\/\/kovastvo-lamper.si\/index.php?rest_route=%2Fwp%2Fv2%2Fmedia&parent=12"}],"curies":[{"name":"wp","href":"https:\/\/api.w.org\/{rel}","templated":true}]}}