{"id":14,"date":"2018-01-15T12:44:50","date_gmt":"2018-01-15T12:44:50","guid":{"rendered":"http:\/\/kovastvo-lamper.si\/?page_id=14"},"modified":"2022-12-12T21:46:24","modified_gmt":"2022-12-12T21:46:24","slug":"o-nas","status":"publish","type":"page","link":"https:\/\/kovastvo-lamper.si\/?page_id=14","title":{"rendered":"O nas"},"content":{"rendered":"<div id='podstran-heading-bg-container'  class='avia-section av-dkuuq-5afd51feadcc087688d4ae749874f5d2 main_color avia-section-no-padding avia-no-border-styling  avia-builder-el-0  el_before_av_section  avia-builder-el-first  avia-bg-style-scroll container_wrap sidebar_right'  ><div class='container av-section-cont-open' ><main  role=\"main\" itemprop=\"mainContentOfPage\"  class='template-page content  av-content-small alpha units'><div class='post-entry post-entry-type-page post-entry-14'><div class='entry-content-wrapper clearfix'>\n\n\n<\/div><\/div><\/main><!-- close content main element --><\/div><\/div>\n<style type=\"text\/css\" data-created_by=\"avia_inline_auto\" id=\"style-css-av-c7d2a-2e28be605072fe84fe4f66adfa23ef1d\">\n.avia-section.av-c7d2a-2e28be605072fe84fe4f66adfa23ef1d{\nbackground-color:#f1f1f1;\n}\n<\/style>\n<div id='podstran-content'  class='avia-section av-c7d2a-2e28be605072fe84fe4f66adfa23ef1d main_color avia-section-default avia-no-shadow  avia-builder-el-2  el_after_av_section  el_before_av_section  avia-bg-style-scroll container_wrap sidebar_right'  ><div class='container av-section-cont-open' ><div class='template-page content  av-content-small alpha units'><div class='post-entry post-entry-type-page post-entry-14'><div class='entry-content-wrapper clearfix'>\n<section  class='av_textblock_section av-49k6-de6330f3ddbc7324a55f305283f4f6c0'  itemscope=\"itemscope\" itemtype=\"https:\/\/schema.org\/CreativeWork\" ><div class='avia_textblock'  itemprop=\"text\" ><h1>O nas<\/h1>\n<\/div><\/section>\n\n<\/div><\/div><\/div><!-- close content main div --><\/div><\/div>\n<style type=\"text\/css\" data-created_by=\"avia_inline_auto\" id=\"style-css-av-b55da-7bba4016661f51213973eb056a444a9e\">\n.avia-section.av-b55da-7bba4016661f51213973eb056a444a9e{\nbackground-color:#f2f2f2;\n}\n<\/style>\n<div id='intro-slide-2'  class='avia-section av-b55da-7bba4016661f51213973eb056a444a9e main_color avia-section-default avia-no-shadow  avia-builder-el-4  el_after_av_section  el_before_av_horizontal_gallery  intro-slide-onas avia-bg-style-scroll container_wrap sidebar_right'  ><div class='container av-section-cont-open' ><div class='template-page content  av-content-small alpha units'><div class='post-entry post-entry-type-page post-entry-14'><div class='entry-content-wrapper clearfix'>\n\n<style type=\"text\/css\" data-created_by=\"avia_inline_auto\" id=\"style-css-av-aduce-16764faba05f3caba6f2e12081eae623\">\n#top .flex_column.av-aduce-16764faba05f3caba6f2e12081eae623{\nmargin-top:0px;\nmargin-bottom:0px;\n}\n.flex_column.av-aduce-16764faba05f3caba6f2e12081eae623{\nborder-radius:0px 0px 0px 0px;\n-webkit-border-radius:0px 0px 0px 0px;\n-moz-border-radius:0px 0px 0px 0px;\n}\n.responsive #top #wrap_all .flex_column.av-aduce-16764faba05f3caba6f2e12081eae623{\nmargin-top:0px;\nmargin-bottom:0px;\n}\n<\/style>\n<div class='flex_column av-aduce-16764faba05f3caba6f2e12081eae623 av_one_full  avia-builder-el-5  el_before_av_video  avia-builder-el-first  first flex_column_div av-zero-column-padding '   ><br \/>\n\n<style type=\"text\/css\" data-created_by=\"avia_inline_auto\" id=\"style-css-av-92dmi-c26456d695748535f00293c1b906e25d\">\n.avia-image-container.av-92dmi-c26456d695748535f00293c1b906e25d .av-image-caption-overlay-center{\ncolor:#ffffff;\n}\n<\/style>\n<div  class='avia-image-container av-92dmi-c26456d695748535f00293c1b906e25d av-styling-no-styling avia-align-center  avia-builder-el-7  el_after_av_codeblock  el_before_av_image  intro-storitve-img-1'  itemprop=\"image\" itemscope=\"itemscope\" itemtype=\"https:\/\/schema.org\/ImageObject\" ><div class=\"avia-image-container-inner\"><div class=\"avia-image-overlay-wrap\"><img decoding=\"async\" class='wp-image-113 avia-img-lazy-loading-not-113 avia_image' src=\"https:\/\/kovastvo-lamper.si\/wp-content\/uploads\/2018\/01\/5ba466be676a6e9a6e6e6bd6e549e5c7f87815ef2.jpg\" alt='' title='5ba466be676a6e9a6e6e6bd6e549e5c7f87815ef2'  height=\"667\" width=\"1000\"  itemprop=\"thumbnailUrl\" srcset=\"https:\/\/kovastvo-lamper.si\/wp-content\/uploads\/2018\/01\/5ba466be676a6e9a6e6e6bd6e549e5c7f87815ef2.jpg 1000w, https:\/\/kovastvo-lamper.si\/wp-content\/uploads\/2018\/01\/5ba466be676a6e9a6e6e6bd6e549e5c7f87815ef2-300x200.jpg 300w, https:\/\/kovastvo-lamper.si\/wp-content\/uploads\/2018\/01\/5ba466be676a6e9a6e6e6bd6e549e5c7f87815ef2-768x512.jpg 768w, https:\/\/kovastvo-lamper.si\/wp-content\/uploads\/2018\/01\/5ba466be676a6e9a6e6e6bd6e549e5c7f87815ef2-705x470.jpg 705w, https:\/\/kovastvo-lamper.si\/wp-content\/uploads\/2018\/01\/5ba466be676a6e9a6e6e6bd6e549e5c7f87815ef2-450x300.jpg 450w\" sizes=\"(max-width: 1000px) 100vw, 1000px\" \/><\/div><\/div><\/div><br \/>\n\n<style type=\"text\/css\" data-created_by=\"avia_inline_auto\" id=\"style-css-av-8xcwy-7d7da94fca4cc1fa9a8174baecea9b8b\">\n.avia-image-container.av-8xcwy-7d7da94fca4cc1fa9a8174baecea9b8b .av-image-caption-overlay-center{\ncolor:#ffffff;\n}\n<\/style>\n<div  class='avia-image-container av-8xcwy-7d7da94fca4cc1fa9a8174baecea9b8b av-styling-no-styling avia-align-center  avia-builder-el-8  el_after_av_image  el_before_av_textblock  intro-storitve-img-2'  itemprop=\"image\" itemscope=\"itemscope\" itemtype=\"https:\/\/schema.org\/ImageObject\" ><div class=\"avia-image-container-inner\"><div class=\"avia-image-overlay-wrap\"><img decoding=\"async\" class='wp-image-58 avia-img-lazy-loading-not-58 avia_image' src=\"https:\/\/kovastvo-lamper.si\/wp-content\/uploads\/2018\/01\/647b14822d337389d7e4ad3a9a520cbba614d31f.jpg\" alt='' title='647b14822d337389d7e4ad3a9a520cbba614d31f'  height=\"667\" width=\"1000\"  itemprop=\"thumbnailUrl\" srcset=\"https:\/\/kovastvo-lamper.si\/wp-content\/uploads\/2018\/01\/647b14822d337389d7e4ad3a9a520cbba614d31f.jpg 1000w, https:\/\/kovastvo-lamper.si\/wp-content\/uploads\/2018\/01\/647b14822d337389d7e4ad3a9a520cbba614d31f-300x200.jpg 300w, https:\/\/kovastvo-lamper.si\/wp-content\/uploads\/2018\/01\/647b14822d337389d7e4ad3a9a520cbba614d31f-768x512.jpg 768w, https:\/\/kovastvo-lamper.si\/wp-content\/uploads\/2018\/01\/647b14822d337389d7e4ad3a9a520cbba614d31f-705x470.jpg 705w, https:\/\/kovastvo-lamper.si\/wp-content\/uploads\/2018\/01\/647b14822d337389d7e4ad3a9a520cbba614d31f-450x300.jpg 450w\" sizes=\"(max-width: 1000px) 100vw, 1000px\" \/><\/div><\/div><\/div><br \/>\n<section  class='av_textblock_section av-867ty-e0e81622ef65cd662dcabe962540a52a'  itemscope=\"itemscope\" itemtype=\"https:\/\/schema.org\/CreativeWork\" ><div class='avia_textblock'  itemprop=\"text\" ><h3>Kova\u0161tvo Lampreht Peter<br \/>\nima \u017ee dolgoletno<br \/>\ntradicijo.<\/h3>\n<p>S kova\u0161tvom se je v na\u0161i dru\u017eini za\u010del ukvrjati \u017ee moj stari ata ko se je leta 1924 \u0161el izu\u010diti kova\u0161kega poklica. Izu\u010dil se je za podkovskega kova\u010da, mojsterske nazive pa je pridobil leta 1933.<\/p>\n<p>\u017de kot otrok sem za\u010del zahajati k njemu v delavnico. S \u010dasoma me je za\u010delo to delo vse bolj zanimati tako, da sem se tudi sam izu\u010dil kova\u0161kega poklica.<\/p>\n<p>Z leti me je vse bolj za\u010delo zanimati umetnostno kova\u0161tvo, saj pri tem delu sam ustvarja\u0161 unikatne izdelke.<\/p>\n<p>Ve\u010dina okrasnih elementov se izdela ro\u010dno v doma\u010di delavnici.<\/p>\n<\/div><\/section><\/p><\/div><div  class='avia-video av-79p8a-0d2a50c7483caf23ba67cca837ee4c40 avia-video-4-3 av-no-preview-image avia-video-load-always av-lazyload-immediate av-lazyload-video-embed'  itemprop=\"video\" itemtype=\"https:\/\/schema.org\/VideoObject\"  data-original_url='https:\/\/www.youtube.com\/watch?v=LaHUqcdztdw'><script type='text\/html' class='av-video-tmpl'><div class='avia-iframe-wrap'><iframe loading=\"lazy\" title=\"Forging a leaf\" width=\"1500\" height=\"844\" src=\"https:\/\/www.youtube.com\/embed\/LaHUqcdztdw?feature=oembed&autoplay=0&loop=0&controls=1&mute=0\" frameborder=\"0\" allow=\"accelerometer; autoplay; clipboard-write; encrypted-media; gyroscope; picture-in-picture\" allowfullscreen><\/iframe><\/div><\/script><div class='av-click-to-play-overlay'><div class=\"avia_playpause_icon\"><\/div><\/div><\/div>\n\n\n<style type=\"text\/css\" data-created_by=\"avia_inline_auto\" id=\"style-css-av-6zyja-cda2e32f724cd8728a918b54dafba8a0\">\n.av-horizontal-gallery.av-6zyja-cda2e32f724cd8728a918b54dafba8a0 .av-horizontal-gallery-inner{\npadding-bottom:20%;\n}\n<\/style>\n<div  class='av-horizontal-gallery av-6zyja-cda2e32f724cd8728a918b54dafba8a0 av-horizontal-gallery-no-gap av-horizontal-gallery--effect av-control-hidden  avia-builder-el-11  el_after_av_section  el_before_av_section  intro-gal av-horizontal-gallery-1 '  itemprop=\"image\" itemscope=\"itemscope\" itemtype=\"https:\/\/schema.org\/ImageObject\"   ><div class='avia-slideshow-arrows avia-slideshow-controls' ><a href='#prev' class='prev-slide av-horizontal-gallery-prev' aria-hidden='true' data-av_icon='\ue87c' data-av_iconfont='entypo-fontello'  tabindex='-1'>Previous<\/a><a href='#next' class='next-slide av-horizontal-gallery-next' aria-hidden='true' data-av_icon='\ue87d' data-av_iconfont='entypo-fontello'  tabindex='-1'>Next<\/a><\/div><div class='av-horizontal-gallery-inner' data-av-height='20'><div class=\"av-horizontal-gallery-slider\"><div class='av-horizontal-gallery-wrap noHover'><img loading=\"lazy\" decoding=\"async\" class='wp-image-43 avia-img-lazy-loading-43 av-horizontal-gallery-img' width=\"1030\" height=\"556\" src=\"https:\/\/kovastvo-lamper.si\/wp-content\/uploads\/2018\/01\/67267ce45a9674f7333d200efaff5d5ea85499dd-1030x556.jpg\" title='67267ce45a9674f7333d200efaff5d5ea85499dd' alt='' srcset=\"https:\/\/kovastvo-lamper.si\/wp-content\/uploads\/2018\/01\/67267ce45a9674f7333d200efaff5d5ea85499dd-1030x556.jpg 1030w, https:\/\/kovastvo-lamper.si\/wp-content\/uploads\/2018\/01\/67267ce45a9674f7333d200efaff5d5ea85499dd-300x162.jpg 300w, https:\/\/kovastvo-lamper.si\/wp-content\/uploads\/2018\/01\/67267ce45a9674f7333d200efaff5d5ea85499dd-768x415.jpg 768w, https:\/\/kovastvo-lamper.si\/wp-content\/uploads\/2018\/01\/67267ce45a9674f7333d200efaff5d5ea85499dd-705x381.jpg 705w, https:\/\/kovastvo-lamper.si\/wp-content\/uploads\/2018\/01\/67267ce45a9674f7333d200efaff5d5ea85499dd-450x243.jpg 450w, https:\/\/kovastvo-lamper.si\/wp-content\/uploads\/2018\/01\/67267ce45a9674f7333d200efaff5d5ea85499dd.jpg 1400w\" sizes=\"auto, (max-width: 1030px) 100vw, 1030px\" \/><a href=\"https:\/\/kovastvo-lamper.si\/wp-content\/uploads\/2018\/01\/67267ce45a9674f7333d200efaff5d5ea85499dd-1030x556.jpg\" data-srcset=\"https:\/\/kovastvo-lamper.si\/wp-content\/uploads\/2018\/01\/67267ce45a9674f7333d200efaff5d5ea85499dd-1030x556.jpg 1030w, https:\/\/kovastvo-lamper.si\/wp-content\/uploads\/2018\/01\/67267ce45a9674f7333d200efaff5d5ea85499dd-300x162.jpg 300w, https:\/\/kovastvo-lamper.si\/wp-content\/uploads\/2018\/01\/67267ce45a9674f7333d200efaff5d5ea85499dd-768x415.jpg 768w, https:\/\/kovastvo-lamper.si\/wp-content\/uploads\/2018\/01\/67267ce45a9674f7333d200efaff5d5ea85499dd-705x381.jpg 705w, https:\/\/kovastvo-lamper.si\/wp-content\/uploads\/2018\/01\/67267ce45a9674f7333d200efaff5d5ea85499dd-450x243.jpg 450w, https:\/\/kovastvo-lamper.si\/wp-content\/uploads\/2018\/01\/67267ce45a9674f7333d200efaff5d5ea85499dd.jpg 1400w\" data-sizes=\"(max-width: 1030px) 100vw, 1030px\" class='av-horizontal-gallery-link' aria-hidden='true' data-av_icon='\ue869' data-av_iconfont='entypo-fontello' title='67267ce45a9674f7333d200efaff5d5ea85499dd' alt=''><\/a><\/div><div class='av-horizontal-gallery-wrap noHover'><img loading=\"lazy\" decoding=\"async\" class='wp-image-42 avia-img-lazy-loading-42 av-horizontal-gallery-img' width=\"1030\" height=\"687\" src=\"https:\/\/kovastvo-lamper.si\/wp-content\/uploads\/2018\/01\/498b5d0d7a2d661979724dc66227bab97547105e-1030x687.jpg\" title='498b5d0d7a2d661979724dc66227bab97547105e' alt='' srcset=\"https:\/\/kovastvo-lamper.si\/wp-content\/uploads\/2018\/01\/498b5d0d7a2d661979724dc66227bab97547105e-1030x687.jpg 1030w, https:\/\/kovastvo-lamper.si\/wp-content\/uploads\/2018\/01\/498b5d0d7a2d661979724dc66227bab97547105e-300x200.jpg 300w, https:\/\/kovastvo-lamper.si\/wp-content\/uploads\/2018\/01\/498b5d0d7a2d661979724dc66227bab97547105e-768x512.jpg 768w, https:\/\/kovastvo-lamper.si\/wp-content\/uploads\/2018\/01\/498b5d0d7a2d661979724dc66227bab97547105e-705x470.jpg 705w, https:\/\/kovastvo-lamper.si\/wp-content\/uploads\/2018\/01\/498b5d0d7a2d661979724dc66227bab97547105e-450x300.jpg 450w, https:\/\/kovastvo-lamper.si\/wp-content\/uploads\/2018\/01\/498b5d0d7a2d661979724dc66227bab97547105e.jpg 1200w\" sizes=\"auto, (max-width: 1030px) 100vw, 1030px\" \/><a href=\"https:\/\/kovastvo-lamper.si\/wp-content\/uploads\/2018\/01\/498b5d0d7a2d661979724dc66227bab97547105e-1030x687.jpg\" data-srcset=\"https:\/\/kovastvo-lamper.si\/wp-content\/uploads\/2018\/01\/498b5d0d7a2d661979724dc66227bab97547105e-1030x687.jpg 1030w, https:\/\/kovastvo-lamper.si\/wp-content\/uploads\/2018\/01\/498b5d0d7a2d661979724dc66227bab97547105e-300x200.jpg 300w, https:\/\/kovastvo-lamper.si\/wp-content\/uploads\/2018\/01\/498b5d0d7a2d661979724dc66227bab97547105e-768x512.jpg 768w, https:\/\/kovastvo-lamper.si\/wp-content\/uploads\/2018\/01\/498b5d0d7a2d661979724dc66227bab97547105e-705x470.jpg 705w, https:\/\/kovastvo-lamper.si\/wp-content\/uploads\/2018\/01\/498b5d0d7a2d661979724dc66227bab97547105e-450x300.jpg 450w, https:\/\/kovastvo-lamper.si\/wp-content\/uploads\/2018\/01\/498b5d0d7a2d661979724dc66227bab97547105e.jpg 1200w\" data-sizes=\"(max-width: 1030px) 100vw, 1030px\" class='av-horizontal-gallery-link' aria-hidden='true' data-av_icon='\ue869' data-av_iconfont='entypo-fontello' title='498b5d0d7a2d661979724dc66227bab97547105e' alt=''><\/a><\/div><div class='av-horizontal-gallery-wrap noHover'><img loading=\"lazy\" decoding=\"async\" class='wp-image-44 avia-img-lazy-loading-44 av-horizontal-gallery-img' width=\"1030\" height=\"685\" src=\"https:\/\/kovastvo-lamper.si\/wp-content\/uploads\/2018\/01\/d3477839782743a55cd947fc2a82b7a052caaf53-1030x685.jpg\" title='d3477839782743a55cd947fc2a82b7a052caaf53' alt='' srcset=\"https:\/\/kovastvo-lamper.si\/wp-content\/uploads\/2018\/01\/d3477839782743a55cd947fc2a82b7a052caaf53-1030x685.jpg 1030w, https:\/\/kovastvo-lamper.si\/wp-content\/uploads\/2018\/01\/d3477839782743a55cd947fc2a82b7a052caaf53-300x199.jpg 300w, https:\/\/kovastvo-lamper.si\/wp-content\/uploads\/2018\/01\/d3477839782743a55cd947fc2a82b7a052caaf53-768x511.jpg 768w, https:\/\/kovastvo-lamper.si\/wp-content\/uploads\/2018\/01\/d3477839782743a55cd947fc2a82b7a052caaf53-705x469.jpg 705w, https:\/\/kovastvo-lamper.si\/wp-content\/uploads\/2018\/01\/d3477839782743a55cd947fc2a82b7a052caaf53-450x299.jpg 450w, https:\/\/kovastvo-lamper.si\/wp-content\/uploads\/2018\/01\/d3477839782743a55cd947fc2a82b7a052caaf53.jpg 1137w\" sizes=\"auto, (max-width: 1030px) 100vw, 1030px\" \/><a href=\"https:\/\/kovastvo-lamper.si\/wp-content\/uploads\/2018\/01\/d3477839782743a55cd947fc2a82b7a052caaf53-1030x685.jpg\" data-srcset=\"https:\/\/kovastvo-lamper.si\/wp-content\/uploads\/2018\/01\/d3477839782743a55cd947fc2a82b7a052caaf53-1030x685.jpg 1030w, https:\/\/kovastvo-lamper.si\/wp-content\/uploads\/2018\/01\/d3477839782743a55cd947fc2a82b7a052caaf53-300x199.jpg 300w, https:\/\/kovastvo-lamper.si\/wp-content\/uploads\/2018\/01\/d3477839782743a55cd947fc2a82b7a052caaf53-768x511.jpg 768w, https:\/\/kovastvo-lamper.si\/wp-content\/uploads\/2018\/01\/d3477839782743a55cd947fc2a82b7a052caaf53-705x469.jpg 705w, https:\/\/kovastvo-lamper.si\/wp-content\/uploads\/2018\/01\/d3477839782743a55cd947fc2a82b7a052caaf53-450x299.jpg 450w, https:\/\/kovastvo-lamper.si\/wp-content\/uploads\/2018\/01\/d3477839782743a55cd947fc2a82b7a052caaf53.jpg 1137w\" data-sizes=\"(max-width: 1030px) 100vw, 1030px\" class='av-horizontal-gallery-link' aria-hidden='true' data-av_icon='\ue869' data-av_iconfont='entypo-fontello' title='d3477839782743a55cd947fc2a82b7a052caaf53' alt=''><\/a><\/div><\/div><\/div><\/div>\n\n<style type=\"text\/css\" data-created_by=\"avia_inline_auto\" id=\"style-css-av-6bkzm-f26265cc20add3c1de4c936658976d18\">\n.avia-section.av-6bkzm-f26265cc20add3c1de4c936658976d18{\nbackground-color:#f2f2f2;\n}\n<\/style>\n<div id='intro-slide-4'  class='avia-section av-6bkzm-f26265cc20add3c1de4c936658976d18 main_color avia-section-default avia-no-shadow  avia-builder-el-12  el_after_av_horizontal_gallery  el_before_av_section  intro-slide-onas avia-bg-style-scroll container_wrap sidebar_right'  ><div class='container av-section-cont-open' ><div class='template-page content  av-content-small alpha units'><div class='post-entry post-entry-type-page post-entry-14'><div class='entry-content-wrapper clearfix'>\n\n<style type=\"text\/css\" data-created_by=\"avia_inline_auto\" id=\"style-css-av-5i8nu-7595f76a1ab7026eb66d42041f10a437\">\n#top .flex_column.av-5i8nu-7595f76a1ab7026eb66d42041f10a437{\nmargin-top:0px;\nmargin-bottom:0px;\n}\n.flex_column.av-5i8nu-7595f76a1ab7026eb66d42041f10a437{\nborder-radius:0px 0px 0px 0px;\n-webkit-border-radius:0px 0px 0px 0px;\n-moz-border-radius:0px 0px 0px 0px;\n}\n.responsive #top #wrap_all .flex_column.av-5i8nu-7595f76a1ab7026eb66d42041f10a437{\nmargin-top:0px;\nmargin-bottom:0px;\n}\n<\/style>\n<div class='flex_column av-5i8nu-7595f76a1ab7026eb66d42041f10a437 av_one_full  avia-builder-el-13  avia-builder-el-no-sibling  first flex_column_div av-zero-column-padding '   ><br \/>\n\n<style type=\"text\/css\" data-created_by=\"avia_inline_auto\" id=\"style-css-av-4pswa-3926111561700642bb05afb3b35f8363\">\n.avia-image-container.av-4pswa-3926111561700642bb05afb3b35f8363 .av-image-caption-overlay-center{\ncolor:#ffffff;\n}\n<\/style>\n<div  class='avia-image-container av-4pswa-3926111561700642bb05afb3b35f8363 av-styling-no-styling avia-align-center  avia-builder-el-15  el_after_av_codeblock  el_before_av_image  intro-storitve-img-1'  itemprop=\"image\" itemscope=\"itemscope\" itemtype=\"https:\/\/schema.org\/ImageObject\" ><div class=\"avia-image-container-inner\"><div class=\"avia-image-overlay-wrap\"><img decoding=\"async\" class='wp-image-117 avia-img-lazy-loading-not-117 avia_image' src=\"https:\/\/kovastvo-lamper.si\/wp-content\/uploads\/2018\/01\/40cb26e9bae243181d858f75b10136d606eb86a6.jpg\" alt='' title='40cb26e9bae243181d858f75b10136d606eb86a6'  height=\"805\" width=\"1000\"  itemprop=\"thumbnailUrl\" srcset=\"https:\/\/kovastvo-lamper.si\/wp-content\/uploads\/2018\/01\/40cb26e9bae243181d858f75b10136d606eb86a6.jpg 1000w, https:\/\/kovastvo-lamper.si\/wp-content\/uploads\/2018\/01\/40cb26e9bae243181d858f75b10136d606eb86a6-300x242.jpg 300w, https:\/\/kovastvo-lamper.si\/wp-content\/uploads\/2018\/01\/40cb26e9bae243181d858f75b10136d606eb86a6-768x618.jpg 768w, https:\/\/kovastvo-lamper.si\/wp-content\/uploads\/2018\/01\/40cb26e9bae243181d858f75b10136d606eb86a6-705x568.jpg 705w, https:\/\/kovastvo-lamper.si\/wp-content\/uploads\/2018\/01\/40cb26e9bae243181d858f75b10136d606eb86a6-450x362.jpg 450w\" sizes=\"(max-width: 1000px) 100vw, 1000px\" \/><\/div><\/div><\/div><br \/>\n\n<style type=\"text\/css\" data-created_by=\"avia_inline_auto\" id=\"style-css-av-3op66-6414bef9dd1c7243d289422eeaeb4b21\">\n.avia-image-container.av-3op66-6414bef9dd1c7243d289422eeaeb4b21 .av-image-caption-overlay-center{\ncolor:#ffffff;\n}\n<\/style>\n<div  class='avia-image-container av-3op66-6414bef9dd1c7243d289422eeaeb4b21 av-styling-no-styling avia-align-center  avia-builder-el-16  el_after_av_image  el_before_av_textblock  intro-storitve-img-2'  itemprop=\"image\" itemscope=\"itemscope\" itemtype=\"https:\/\/schema.org\/ImageObject\" ><div class=\"avia-image-container-inner\"><div class=\"avia-image-overlay-wrap\"><img decoding=\"async\" class='wp-image-118 avia-img-lazy-loading-not-118 avia_image' src=\"https:\/\/kovastvo-lamper.si\/wp-content\/uploads\/2018\/01\/e3e6b2e4610637d9e4e242ce534b3c90dabe8ebf.jpg\" alt='' title='e3e6b2e4610637d9e4e242ce534b3c90dabe8ebf'  height=\"1000\" width=\"666\"  itemprop=\"thumbnailUrl\" srcset=\"https:\/\/kovastvo-lamper.si\/wp-content\/uploads\/2018\/01\/e3e6b2e4610637d9e4e242ce534b3c90dabe8ebf.jpg 666w, https:\/\/kovastvo-lamper.si\/wp-content\/uploads\/2018\/01\/e3e6b2e4610637d9e4e242ce534b3c90dabe8ebf-200x300.jpg 200w, https:\/\/kovastvo-lamper.si\/wp-content\/uploads\/2018\/01\/e3e6b2e4610637d9e4e242ce534b3c90dabe8ebf-470x705.jpg 470w, https:\/\/kovastvo-lamper.si\/wp-content\/uploads\/2018\/01\/e3e6b2e4610637d9e4e242ce534b3c90dabe8ebf-450x676.jpg 450w\" sizes=\"(max-width: 666px) 100vw, 666px\" \/><\/div><\/div><\/div><br \/>\n<section  class='av_textblock_section av-3360m-bc5db8cfad89a3205b35392bdf5e75a1'  itemscope=\"itemscope\" itemtype=\"https:\/\/schema.org\/CreativeWork\" ><div class='avia_textblock'  itemprop=\"text\" ><h3>Strokovnost<\/h3>\n<p><strong>Spri\u010devalo:<\/strong> Opravljen 6 mese\u010dni te\u010daj podkovske \u0161ole, kar pomeni smo usposobljeni izvr\u0161evati podkovsko obrt.<\/p>\n<p><strong>Mojstersko izpri\u010devalo:<\/strong> Strokovno izobrazbo za izvr\u0161evanje obrta kova\u0161tva.<\/p>\n<\/div><\/section><\/p><\/div>\n\n<\/div><\/div><\/div><!-- close content main div --><\/div><\/div>\n<style type=\"text\/css\" data-created_by=\"avia_inline_auto\" id=\"style-css-av-2mxzm-adaafb95fc09f0a34e2ad6acf0240802\">\n.avia-section.av-2mxzm-adaafb95fc09f0a34e2ad6acf0240802{\nbackground-color:#f2f2f2;\n}\n<\/style>\n<div id='intro-slide-5'  class='avia-section av-2mxzm-adaafb95fc09f0a34e2ad6acf0240802 main_color avia-section-default avia-no-border-styling  avia-builder-el-18  el_after_av_section  el_before_av_section  intro-slide-5-podstran avia-bg-style-scroll container_wrap sidebar_right'  ><div class='container av-section-cont-open' ><div class='template-page content  av-content-small alpha units'><div class='post-entry post-entry-type-page post-entry-14'><div class='entry-content-wrapper clearfix'>\n<section  class='av_textblock_section av-28hru-d49efd169d4e9c1a8e8d3f01a63aad0e'  itemscope=\"itemscope\" itemtype=\"https:\/\/schema.org\/CreativeWork\" ><div class='avia_textblock intro-potrebujete'  itemprop=\"text\" ><h3>Potrebujete zunanjo ali notranjo ograjo po meri?<\/h3>\n<p><a title=\"Kontakt\" href=\"https:\/\/kovastvo-lamper.si\/?page_id=16\">Kontaktirajte nas<\/a><\/p>\n<\/div><\/section>\n<\/div><\/div><\/div><!-- close content main div --><\/div><\/div>\n<style type=\"text\/css\" data-created_by=\"avia_inline_auto\" id=\"style-css-av-1boda-5c0aa3133db09b15c8f1577f455fcae8\">\n.avia-section.av-1boda-5c0aa3133db09b15c8f1577f455fcae8{\nbackground-color:#ffffff;\n}\n<\/style>\n<div id='o-nas-img-container'  class='avia-section av-1boda-5c0aa3133db09b15c8f1577f455fcae8 main_color avia-section-default avia-no-border-styling  avia-builder-el-20  el_after_av_section  avia-builder-el-last  avia-bg-style-scroll container_wrap sidebar_right'  ><div class='container av-section-cont-open' ><div class='template-page content  av-content-small alpha units'><div class='post-entry post-entry-type-page post-entry-14'><div class='entry-content-wrapper clearfix'>\n\n<\/div><\/div><\/div><!-- close content main div --><\/div><\/div><div id='after_section_6'  class='main_color av_default_container_wrap container_wrap sidebar_right'  ><div class='container av-section-cont-open' ><div class='template-page content  av-content-small alpha units'><div class='post-entry post-entry-type-page post-entry-14'><div class='entry-content-wrapper clearfix'><\/p>\n","protected":false},"excerpt":{"rendered":"","protected":false},"author":2,"featured_media":0,"parent":0,"menu_order":0,"comment_status":"closed","ping_status":"closed","template":"","meta":{"footnotes":""},"class_list":["post-14","page","type-page","status-publish","hentry"],"aioseo_notices":[],"_links":{"self":[{"href":"https:\/\/kovastvo-lamper.si\/index.php?rest_route=\/wp\/v2\/pages\/14","targetHints":{"allow":["GET"]}}],"collection":[{"href":"https:\/\/kovastvo-lamper.si\/index.php?rest_route=\/wp\/v2\/pages"}],"about":[{"href":"https:\/\/kovastvo-lamper.si\/index.php?rest_route=\/wp\/v2\/types\/page"}],"author":[{"embeddable":true,"href":"https:\/\/kovastvo-lamper.si\/index.php?rest_route=\/wp\/v2\/users\/2"}],"replies":[{"embeddable":true,"href":"https:\/\/kovastvo-lamper.si\/index.php?rest_route=%2Fwp%2Fv2%2Fcomments&post=14"}],"version-history":[{"count":28,"href":"https:\/\/kovastvo-lamper.si\/index.php?rest_route=\/wp\/v2\/pages\/14\/revisions"}],"predecessor-version":[{"id":446,"href":"https:\/\/kovastvo-lamper.si\/index.php?rest_route=\/wp\/v2\/pages\/14\/revisions\/446"}],"wp:attachment":[{"href":"https:\/\/kovastvo-lamper.si\/index.php?rest_route=%2Fwp%2Fv2%2Fmedia&parent=14"}],"curies":[{"name":"wp","href":"https:\/\/api.w.org\/{rel}","templated":true}]}}