{"id":214,"date":"2018-01-24T21:21:16","date_gmt":"2018-01-24T21:21:16","guid":{"rendered":"http:\/\/kovastvo-lamper.si\/?page_id=214"},"modified":"2022-12-12T21:48:20","modified_gmt":"2022-12-12T21:48:20","slug":"notranje-ograje","status":"publish","type":"page","link":"https:\/\/kovastvo-lamper.si\/?page_id=214","title":{"rendered":"Notranje ograje"},"content":{"rendered":"<div id='podstran-heading-bg-container'  class='avia-section av-1vcpim-72cff9b127e9ecd057468790f85f1a7c main_color avia-section-no-padding avia-no-border-styling  avia-builder-el-0  el_before_av_section  avia-builder-el-first  avia-bg-style-scroll container_wrap sidebar_right'  ><div class='container av-section-cont-open' ><main  role=\"main\" itemprop=\"mainContentOfPage\"  class='template-page content  av-content-small alpha units'><div class='post-entry post-entry-type-page post-entry-214'><div class='entry-content-wrapper clearfix'>\n\n\n<\/div><\/div><\/main><!-- close content main element --><\/div><\/div>\n<style type=\"text\/css\" data-created_by=\"avia_inline_auto\" id=\"style-css-av-1jaqty-0ca27985e20eca619d9a274c2e3e402d\">\n.avia-section.av-1jaqty-0ca27985e20eca619d9a274c2e3e402d{\nbackground-color:#f1f1f1;\n}\n<\/style>\n<div id='podstran-content'  class='avia-section av-1jaqty-0ca27985e20eca619d9a274c2e3e402d main_color avia-section-default avia-no-shadow  avia-builder-el-2  el_after_av_section  el_before_av_section  podstran-storitve avia-bg-style-scroll container_wrap sidebar_right'  ><div class='container av-section-cont-open' ><div class='template-page content  av-content-small alpha units'><div class='post-entry post-entry-type-page post-entry-214'><div class='entry-content-wrapper clearfix'>\n<section  class='av_textblock_section av-1fpcni-f3db834ef858c04028a8c0be928ea4f6'  itemscope=\"itemscope\" itemtype=\"https:\/\/schema.org\/CreativeWork\" ><div class='avia_textblock'  itemprop=\"text\" ><h1>Notranje ograje<\/h1>\n<\/div><\/section>\n\n<style type=\"text\/css\" data-created_by=\"avia_inline_auto\" id=\"style-css-av-1as492-81ef10563a57a823afa420e1a3024dbf\">\n.flex_column.av-1as492-81ef10563a57a823afa420e1a3024dbf{\nborder-radius:0px 0px 0px 0px;\n-webkit-border-radius:0px 0px 0px 0px;\n-moz-border-radius:0px 0px 0px 0px;\n}\n<\/style>\n<div class='flex_column av-1as492-81ef10563a57a823afa420e1a3024dbf av_one_full  avia-builder-el-4  el_after_av_textblock  avia-builder-el-last  podstran-content-white podstran-content-white-lower first flex_column_div av-zero-column-padding column-top-margin'   ><br \/>\n<section  class='av_textblock_section av-zb9li-8493f1262fc6e37fab14ad761289b497'  itemscope=\"itemscope\" itemtype=\"https:\/\/schema.org\/CreativeWork\" ><div class='avia_textblock podstran-storitve-opis'  itemprop=\"text\" ><p>Ve\u010dina okrasnih elementov se izdela ro\u010dno v doma\u010di delavnici.<\/p>\n<p>Za segrevanje \u017eeleza se uporablja klasi\u010dno kova\u0161ko ognji\u0161\u010de za kovanje pa se poleg nakovala poslu\u017eujemo tudi kova\u0161kega kladiva(norca)<\/p>\n<\/div><\/section><br \/>\n<section  class='av_textblock_section av-rk47q-ad99807f66536696722825050de08cfc'  itemscope=\"itemscope\" itemtype=\"https:\/\/schema.org\/CreativeWork\" ><div class='avia_textblock podstran-storitve-opis-sel'  itemprop=\"text\" ><ul>\n<li><a title=\"Storitve\" href=\"https:\/\/kovastvo-lamper.si\/?page_id=10\">Vse storitve<\/a><\/li>\n<li><a title=\"Zunanje ograje\" href=\"https:\/\/kovastvo-lamper.si\/?page_id=209\">Zunanje ograje<\/a><\/li>\n<li><a title=\"Notranje ograje\" href=\"https:\/\/kovastvo-lamper.si\/?page_id=214\">Notranje ograje<\/a><\/li>\n<li><a title=\"Unikati\" href=\"https:\/\/kovastvo-lamper.si\/?page_id=218\">Unikati<\/a><\/li>\n<\/ul>\n<\/div><\/section><br \/>\n<div id='masonry-1' class='av-masonry av-kao6e-3a0e7d456fc50c50c2821ddb0cb21207 noHover av-fixed-size av-large-gap av-hover-overlay-active av-masonry-animation-active av-masonry-col-3 av-caption-always av-caption-style- av-masonry-gallery '><div class=\"av-masonry-container isotope av-js-disabled\"><div class='av-masonry-entry isotope-item av-masonry-item-no-image '><\/div><a href=\"https:\/\/kovastvo-lamper.si\/wp-content\/uploads\/2018\/01\/498b5d0d7a2d661979724dc66227bab97547105e-1030x687.jpg\" data-srcset=\"https:\/\/kovastvo-lamper.si\/wp-content\/uploads\/2018\/01\/498b5d0d7a2d661979724dc66227bab97547105e-1030x687.jpg 1030w, https:\/\/kovastvo-lamper.si\/wp-content\/uploads\/2018\/01\/498b5d0d7a2d661979724dc66227bab97547105e-300x200.jpg 300w, https:\/\/kovastvo-lamper.si\/wp-content\/uploads\/2018\/01\/498b5d0d7a2d661979724dc66227bab97547105e-768x512.jpg 768w, https:\/\/kovastvo-lamper.si\/wp-content\/uploads\/2018\/01\/498b5d0d7a2d661979724dc66227bab97547105e-705x470.jpg 705w, https:\/\/kovastvo-lamper.si\/wp-content\/uploads\/2018\/01\/498b5d0d7a2d661979724dc66227bab97547105e-450x300.jpg 450w, https:\/\/kovastvo-lamper.si\/wp-content\/uploads\/2018\/01\/498b5d0d7a2d661979724dc66227bab97547105e.jpg 1200w\" data-sizes=\"(max-width: 1030px) 100vw, 1030px\"  aria-label=\"image 498b5d0d7a2d661979724dc66227bab97547105e\"  id='av-masonry-1-item-42' data-av-masonry-item='42' class='av-masonry-entry isotope-item post-42 attachment type-attachment status-inherit hentry  av-masonry-item-with-image' title=\"498b5d0d7a2d661979724dc66227bab97547105e\" alt=\"\"   itemprop=\"thumbnailUrl\" ><div class='av-inner-masonry-sizer'><\/div><figure class='av-inner-masonry main_color'><div class=\"av-masonry-outerimage-container\"><div class='av-masonry-image-container' style=\"background-image: url(https:\/\/kovastvo-lamper.si\/wp-content\/uploads\/2018\/01\/498b5d0d7a2d661979724dc66227bab97547105e-705x470.jpg);\"  title=\"498b5d0d7a2d661979724dc66227bab97547105e\"  ><\/div><\/div><figcaption class='av-inner-masonry-content site-background'><div class='av-inner-masonry-content-pos'><div class='av-inner-masonry-content-pos-content'><div class='avia-arrow'><\/div><\/div><\/div><\/figcaption><\/figure><\/a><!--end av-masonry entry--><a href=\"https:\/\/kovastvo-lamper.si\/wp-content\/uploads\/2018\/01\/notranja_ograja-1030x687.jpg\" data-srcset=\"https:\/\/kovastvo-lamper.si\/wp-content\/uploads\/2018\/01\/notranja_ograja-1030x687.jpg 1030w, https:\/\/kovastvo-lamper.si\/wp-content\/uploads\/2018\/01\/notranja_ograja-300x200.jpg 300w, https:\/\/kovastvo-lamper.si\/wp-content\/uploads\/2018\/01\/notranja_ograja-768x512.jpg 768w, https:\/\/kovastvo-lamper.si\/wp-content\/uploads\/2018\/01\/notranja_ograja-705x470.jpg 705w, https:\/\/kovastvo-lamper.si\/wp-content\/uploads\/2018\/01\/notranja_ograja-450x300.jpg 450w, https:\/\/kovastvo-lamper.si\/wp-content\/uploads\/2018\/01\/notranja_ograja.jpg 1200w\" data-sizes=\"(max-width: 1030px) 100vw, 1030px\"  aria-label=\"image notranja_ograja\"  id='av-masonry-1-item-144' data-av-masonry-item='144' class='av-masonry-entry isotope-item post-144 attachment type-attachment status-inherit hentry  av-masonry-item-with-image' title=\"notranja_ograja\" alt=\"\"   itemprop=\"thumbnailUrl\" ><div class='av-inner-masonry-sizer'><\/div><figure class='av-inner-masonry main_color'><div class=\"av-masonry-outerimage-container\"><div class='av-masonry-image-container' style=\"background-image: url(https:\/\/kovastvo-lamper.si\/wp-content\/uploads\/2018\/01\/notranja_ograja-705x470.jpg);\"  title=\"notranja_ograja\"  ><\/div><\/div><figcaption class='av-inner-masonry-content site-background'><div class='av-inner-masonry-content-pos'><div class='av-inner-masonry-content-pos-content'><div class='avia-arrow'><\/div><\/div><\/div><\/figcaption><\/figure><\/a><!--end av-masonry entry--><a href=\"https:\/\/kovastvo-lamper.si\/wp-content\/uploads\/2018\/01\/3f67c79d7bd08d049d22d12a405aacd13ff9e7c4.jpg\" data-srcset=\"https:\/\/kovastvo-lamper.si\/wp-content\/uploads\/2018\/01\/3f67c79d7bd08d049d22d12a405aacd13ff9e7c4.jpg 1000w, https:\/\/kovastvo-lamper.si\/wp-content\/uploads\/2018\/01\/3f67c79d7bd08d049d22d12a405aacd13ff9e7c4-80x80.jpg 80w, https:\/\/kovastvo-lamper.si\/wp-content\/uploads\/2018\/01\/3f67c79d7bd08d049d22d12a405aacd13ff9e7c4-300x295.jpg 300w, https:\/\/kovastvo-lamper.si\/wp-content\/uploads\/2018\/01\/3f67c79d7bd08d049d22d12a405aacd13ff9e7c4-768x755.jpg 768w, https:\/\/kovastvo-lamper.si\/wp-content\/uploads\/2018\/01\/3f67c79d7bd08d049d22d12a405aacd13ff9e7c4-36x36.jpg 36w, https:\/\/kovastvo-lamper.si\/wp-content\/uploads\/2018\/01\/3f67c79d7bd08d049d22d12a405aacd13ff9e7c4-705x693.jpg 705w, https:\/\/kovastvo-lamper.si\/wp-content\/uploads\/2018\/01\/3f67c79d7bd08d049d22d12a405aacd13ff9e7c4-450x442.jpg 450w\" data-sizes=\"(max-width: 1000px) 100vw, 1000px\"  aria-label=\"image 3f67c79d7bd08d049d22d12a405aacd13ff9e7c4\"  id='av-masonry-1-item-40' data-av-masonry-item='40' class='av-masonry-entry isotope-item post-40 attachment type-attachment status-inherit hentry  av-masonry-item-with-image' title=\"3f67c79d7bd08d049d22d12a405aacd13ff9e7c4\" alt=\"\"   itemprop=\"thumbnailUrl\" ><div class='av-inner-masonry-sizer'><\/div><figure class='av-inner-masonry main_color'><div class=\"av-masonry-outerimage-container\"><div class='av-masonry-image-container' style=\"background-image: url(https:\/\/kovastvo-lamper.si\/wp-content\/uploads\/2018\/01\/3f67c79d7bd08d049d22d12a405aacd13ff9e7c4-705x693.jpg);\"  title=\"3f67c79d7bd08d049d22d12a405aacd13ff9e7c4\"  ><\/div><\/div><figcaption class='av-inner-masonry-content site-background'><div class='av-inner-masonry-content-pos'><div class='av-inner-masonry-content-pos-content'><div class='avia-arrow'><\/div><\/div><\/div><\/figcaption><\/figure><\/a><!--end av-masonry entry--><a href=\"https:\/\/kovastvo-lamper.si\/wp-content\/uploads\/2019\/09\/20190813_185608_1200x2133-579x1030.jpg\" data-srcset=\"https:\/\/kovastvo-lamper.si\/wp-content\/uploads\/2019\/09\/20190813_185608_1200x2133-579x1030.jpg 579w, https:\/\/kovastvo-lamper.si\/wp-content\/uploads\/2019\/09\/20190813_185608_1200x2133-169x300.jpg 169w, https:\/\/kovastvo-lamper.si\/wp-content\/uploads\/2019\/09\/20190813_185608_1200x2133-768x1365.jpg 768w, https:\/\/kovastvo-lamper.si\/wp-content\/uploads\/2019\/09\/20190813_185608_1200x2133-844x1500.jpg 844w, https:\/\/kovastvo-lamper.si\/wp-content\/uploads\/2019\/09\/20190813_185608_1200x2133-397x705.jpg 397w, https:\/\/kovastvo-lamper.si\/wp-content\/uploads\/2019\/09\/20190813_185608_1200x2133-450x800.jpg 450w, https:\/\/kovastvo-lamper.si\/wp-content\/uploads\/2019\/09\/20190813_185608_1200x2133.jpg 1200w\" data-sizes=\"(max-width: 579px) 100vw, 579px\"  aria-label=\"image 20190813_185608_1200x2133\"  id='av-masonry-1-item-304' data-av-masonry-item='304' class='av-masonry-entry isotope-item post-304 attachment type-attachment status-inherit hentry  av-masonry-item-with-image' title=\"20190813_185608_1200x2133\" alt=\"\"   itemprop=\"thumbnailUrl\" ><div class='av-inner-masonry-sizer'><\/div><figure class='av-inner-masonry main_color'><div class=\"av-masonry-outerimage-container\"><div class='av-masonry-image-container' style=\"background-image: url(https:\/\/kovastvo-lamper.si\/wp-content\/uploads\/2019\/09\/20190813_185608_1200x2133-397x705.jpg);\"  title=\"20190813_185608_1200x2133\"  ><\/div><\/div><figcaption class='av-inner-masonry-content site-background'><div class='av-inner-masonry-content-pos'><div class='av-inner-masonry-content-pos-content'><div class='avia-arrow'><\/div><\/div><\/div><\/figcaption><\/figure><\/a><!--end av-masonry entry--><a href=\"https:\/\/kovastvo-lamper.si\/wp-content\/uploads\/2019\/09\/20190813_185721_2133x1200-1030x579.jpg\" data-srcset=\"https:\/\/kovastvo-lamper.si\/wp-content\/uploads\/2019\/09\/20190813_185721_2133x1200-1030x579.jpg 1030w, https:\/\/kovastvo-lamper.si\/wp-content\/uploads\/2019\/09\/20190813_185721_2133x1200-300x169.jpg 300w, https:\/\/kovastvo-lamper.si\/wp-content\/uploads\/2019\/09\/20190813_185721_2133x1200-768x432.jpg 768w, https:\/\/kovastvo-lamper.si\/wp-content\/uploads\/2019\/09\/20190813_185721_2133x1200-1500x844.jpg 1500w, https:\/\/kovastvo-lamper.si\/wp-content\/uploads\/2019\/09\/20190813_185721_2133x1200-705x397.jpg 705w, https:\/\/kovastvo-lamper.si\/wp-content\/uploads\/2019\/09\/20190813_185721_2133x1200-450x253.jpg 450w\" data-sizes=\"(max-width: 1030px) 100vw, 1030px\"  aria-label=\"image 20190813_185721_2133x1200\"  id='av-masonry-1-item-305' data-av-masonry-item='305' class='av-masonry-entry isotope-item post-305 attachment type-attachment status-inherit hentry  av-masonry-item-with-image' title=\"20190813_185721_2133x1200\" alt=\"\"   itemprop=\"thumbnailUrl\" ><div class='av-inner-masonry-sizer'><\/div><figure class='av-inner-masonry main_color'><div class=\"av-masonry-outerimage-container\"><div class='av-masonry-image-container' style=\"background-image: url(https:\/\/kovastvo-lamper.si\/wp-content\/uploads\/2019\/09\/20190813_185721_2133x1200-705x397.jpg);\"  title=\"20190813_185721_2133x1200\"  ><\/div><\/div><figcaption class='av-inner-masonry-content site-background'><div class='av-inner-masonry-content-pos'><div class='av-inner-masonry-content-pos-content'><div class='avia-arrow'><\/div><\/div><\/div><\/figcaption><\/figure><\/a><!--end av-masonry entry--><a href=\"https:\/\/kovastvo-lamper.si\/wp-content\/uploads\/2020\/06\/DSC00451-1030x773.jpg\" data-srcset=\"https:\/\/kovastvo-lamper.si\/wp-content\/uploads\/2020\/06\/DSC00451-1030x773.jpg 1030w, https:\/\/kovastvo-lamper.si\/wp-content\/uploads\/2020\/06\/DSC00451-300x225.jpg 300w, https:\/\/kovastvo-lamper.si\/wp-content\/uploads\/2020\/06\/DSC00451-768x576.jpg 768w, https:\/\/kovastvo-lamper.si\/wp-content\/uploads\/2020\/06\/DSC00451-1500x1125.jpg 1500w, https:\/\/kovastvo-lamper.si\/wp-content\/uploads\/2020\/06\/DSC00451-705x529.jpg 705w, https:\/\/kovastvo-lamper.si\/wp-content\/uploads\/2020\/06\/DSC00451-450x338.jpg 450w, https:\/\/kovastvo-lamper.si\/wp-content\/uploads\/2020\/06\/DSC00451.jpg 2048w\" data-sizes=\"(max-width: 1030px) 100vw, 1030px\"  aria-label=\"image DSC00451\"  id='av-masonry-1-item-325' data-av-masonry-item='325' class='av-masonry-entry isotope-item post-325 attachment type-attachment status-inherit hentry  av-masonry-item-with-image' title=\"DSC00451\" alt=\"\"   itemprop=\"thumbnailUrl\" ><div class='av-inner-masonry-sizer'><\/div><figure class='av-inner-masonry main_color'><div class=\"av-masonry-outerimage-container\"><div class='av-masonry-image-container' style=\"background-image: url(https:\/\/kovastvo-lamper.si\/wp-content\/uploads\/2020\/06\/DSC00451-705x529.jpg);\"  title=\"DSC00451\"  ><\/div><\/div><figcaption class='av-inner-masonry-content site-background'><div class='av-inner-masonry-content-pos'><div class='av-inner-masonry-content-pos-content'><div class='avia-arrow'><\/div><\/div><\/div><\/figcaption><\/figure><\/a><!--end av-masonry entry--><a href=\"https:\/\/kovastvo-lamper.si\/wp-content\/uploads\/2020\/06\/20170401_103355-579x1030.jpg\" data-srcset=\"https:\/\/kovastvo-lamper.si\/wp-content\/uploads\/2020\/06\/20170401_103355-579x1030.jpg 579w, https:\/\/kovastvo-lamper.si\/wp-content\/uploads\/2020\/06\/20170401_103355-169x300.jpg 169w, https:\/\/kovastvo-lamper.si\/wp-content\/uploads\/2020\/06\/20170401_103355-768x1365.jpg 768w, https:\/\/kovastvo-lamper.si\/wp-content\/uploads\/2020\/06\/20170401_103355-844x1500.jpg 844w, https:\/\/kovastvo-lamper.si\/wp-content\/uploads\/2020\/06\/20170401_103355-397x705.jpg 397w, https:\/\/kovastvo-lamper.si\/wp-content\/uploads\/2020\/06\/20170401_103355-450x800.jpg 450w, https:\/\/kovastvo-lamper.si\/wp-content\/uploads\/2020\/06\/20170401_103355.jpg 1836w\" data-sizes=\"(max-width: 579px) 100vw, 579px\"  aria-label=\"image 20170401_103355\"  id='av-masonry-1-item-324' data-av-masonry-item='324' class='av-masonry-entry isotope-item post-324 attachment type-attachment status-inherit hentry  av-masonry-item-with-image' title=\"20170401_103355\" alt=\"\"   itemprop=\"thumbnailUrl\" ><div class='av-inner-masonry-sizer'><\/div><figure class='av-inner-masonry main_color'><div class=\"av-masonry-outerimage-container\"><div class='av-masonry-image-container' style=\"background-image: url(https:\/\/kovastvo-lamper.si\/wp-content\/uploads\/2020\/06\/20170401_103355-397x705.jpg);\"  title=\"20170401_103355\"  ><\/div><\/div><figcaption class='av-inner-masonry-content site-background'><div class='av-inner-masonry-content-pos'><div class='av-inner-masonry-content-pos-content'><div class='avia-arrow'><\/div><\/div><\/div><\/figcaption><\/figure><\/a><!--end av-masonry entry--><a href=\"https:\/\/kovastvo-lamper.si\/wp-content\/uploads\/2020\/06\/20141226_162208-1030x579.jpg\" data-srcset=\"https:\/\/kovastvo-lamper.si\/wp-content\/uploads\/2020\/06\/20141226_162208-1030x579.jpg 1030w, https:\/\/kovastvo-lamper.si\/wp-content\/uploads\/2020\/06\/20141226_162208-300x169.jpg 300w, https:\/\/kovastvo-lamper.si\/wp-content\/uploads\/2020\/06\/20141226_162208-768x432.jpg 768w, https:\/\/kovastvo-lamper.si\/wp-content\/uploads\/2020\/06\/20141226_162208-1500x844.jpg 1500w, https:\/\/kovastvo-lamper.si\/wp-content\/uploads\/2020\/06\/20141226_162208-705x397.jpg 705w, https:\/\/kovastvo-lamper.si\/wp-content\/uploads\/2020\/06\/20141226_162208-450x253.jpg 450w\" data-sizes=\"(max-width: 1030px) 100vw, 1030px\"  aria-label=\"image 20141226_162208\"  id='av-masonry-1-item-323' data-av-masonry-item='323' class='av-masonry-entry isotope-item post-323 attachment type-attachment status-inherit hentry  av-masonry-item-with-image' title=\"20141226_162208\" alt=\"\"   itemprop=\"thumbnailUrl\" ><div class='av-inner-masonry-sizer'><\/div><figure class='av-inner-masonry main_color'><div class=\"av-masonry-outerimage-container\"><div class='av-masonry-image-container' style=\"background-image: url(https:\/\/kovastvo-lamper.si\/wp-content\/uploads\/2020\/06\/20141226_162208-705x397.jpg);\"  title=\"20141226_162208\"  ><\/div><\/div><figcaption class='av-inner-masonry-content site-background'><div class='av-inner-masonry-content-pos'><div class='av-inner-masonry-content-pos-content'><div class='avia-arrow'><\/div><\/div><\/div><\/figcaption><\/figure><\/a><!--end av-masonry entry--><\/div><\/div><\/p><\/div><\/div><\/div><\/div><!-- close content main div --><\/div><\/div>\n<style type=\"text\/css\" data-created_by=\"avia_inline_auto\" id=\"style-css-av-er2zq-0c3f0a813f9be40d8b7f745958058c40\">\n.avia-section.av-er2zq-0c3f0a813f9be40d8b7f745958058c40{\nbackground-color:#ffffff;\n}\n<\/style>\n<div id='storitve-more'  class='avia-section av-er2zq-0c3f0a813f9be40d8b7f745958058c40 main_color avia-section-default avia-no-border-styling  avia-builder-el-9  el_after_av_section  avia-builder-el-last  avia-bg-style-scroll container_wrap sidebar_right'  ><div class='container av-section-cont-open' ><div class='template-page content  av-content-small alpha units'><div class='post-entry post-entry-type-page post-entry-214'><div class='entry-content-wrapper clearfix'>\n<section  class='av_textblock_section av-94sl2-fa07316e9b41f8e08a46d1b0f9a7e2c6'  itemscope=\"itemscope\" itemtype=\"https:\/\/schema.org\/CreativeWork\" ><div class='avia_textblock intro-potrebujete intro-potrebujete-l'  itemprop=\"text\" ><h3>Potrebujete zunanjo ali notranjo ograjo po va\u0161ih zeljah?<\/h3>\n<p><a title=\"Kontakt\" href=\"https:\/\/kovastvo-lamper.si\/?page_id=16\">Kontaktirajte nas<\/a><\/p>\n<\/div><\/section>\n<\/div><\/div><\/div><!-- close content main div --><\/div><\/div><div id='after_section_3'  class='main_color av_default_container_wrap container_wrap sidebar_right'  ><div class='container av-section-cont-open' ><div class='template-page content  av-content-small alpha units'><div class='post-entry post-entry-type-page post-entry-214'><div class='entry-content-wrapper clearfix'><\/p>\n","protected":false},"excerpt":{"rendered":"","protected":false},"author":2,"featured_media":0,"parent":10,"menu_order":0,"comment_status":"closed","ping_status":"closed","template":"","meta":{"footnotes":""},"class_list":["post-214","page","type-page","status-publish","hentry"],"aioseo_notices":[],"_links":{"self":[{"href":"https:\/\/kovastvo-lamper.si\/index.php?rest_route=\/wp\/v2\/pages\/214","targetHints":{"allow":["GET"]}}],"collection":[{"href":"https:\/\/kovastvo-lamper.si\/index.php?rest_route=\/wp\/v2\/pages"}],"about":[{"href":"https:\/\/kovastvo-lamper.si\/index.php?rest_route=\/wp\/v2\/types\/page"}],"author":[{"embeddable":true,"href":"https:\/\/kovastvo-lamper.si\/index.php?rest_route=\/wp\/v2\/users\/2"}],"replies":[{"embeddable":true,"href":"https:\/\/kovastvo-lamper.si\/index.php?rest_route=%2Fwp%2Fv2%2Fcomments&post=214"}],"version-history":[{"count":10,"href":"https:\/\/kovastvo-lamper.si\/index.php?rest_route=\/wp\/v2\/pages\/214\/revisions"}],"predecessor-version":[{"id":448,"href":"https:\/\/kovastvo-lamper.si\/index.php?rest_route=\/wp\/v2\/pages\/214\/revisions\/448"}],"up":[{"embeddable":true,"href":"https:\/\/kovastvo-lamper.si\/index.php?rest_route=\/wp\/v2\/pages\/10"}],"wp:attachment":[{"href":"https:\/\/kovastvo-lamper.si\/index.php?rest_route=%2Fwp%2Fv2%2Fmedia&parent=214"}],"curies":[{"name":"wp","href":"https:\/\/api.w.org\/{rel}","templated":true}]}}